{"id":145,"date":"2025-08-13T18:01:53","date_gmt":"2025-08-13T16:01:53","guid":{"rendered":"https:\/\/akonyvelom.hu\/?page_id=145"},"modified":"2025-09-02T22:12:58","modified_gmt":"2025-09-02T20:12:58","slug":"145-2","status":"publish","type":"page","link":"https:\/\/akonyvelom.hu\/?page_id=145","title":{"rendered":"Hirek"},"content":{"rendered":"\n<div style=\"height:var(--wp--preset--spacing--50)\" aria-hidden=\"true\" class=\"wp-block-spacer\"><\/div>\n\n\n\n<div class=\"wp-block-group alignwide has-global-padding is-layout-constrained wp-block-group-is-layout-constrained\">\n<h1 class=\"wp-block-heading alignwide has-text-align-center has-xx-large-font-size\" style=\"line-height:1.2\">H\u00cdREK<\/h1>\n<\/div>\n\n\n\n<div class=\"wp-block-query has-global-padding is-layout-constrained wp-block-query-is-layout-constrained\">\n<div class=\"wp-block-group is-layout-flow wp-block-group-is-layout-flow\" style=\"margin-top:0;margin-bottom:0;padding-top:var(--wp--preset--spacing--50);padding-right:0;padding-bottom:var(--wp--preset--spacing--50);padding-left:0\">\n\n\n<div style=\"margin-top:0;margin-bottom:0;height:var(--wp--preset--spacing--50)\" aria-hidden=\"true\" class=\"wp-block-spacer\"><\/div>\n\n\n<\/div>\n<\/div>\n","protected":false},"excerpt":{"rendered":"<p>H\u00cdREK<\/p>\n","protected":false},"author":1,"featured_media":0,"parent":0,"menu_order":0,"comment_status":"closed","ping_status":"closed","template":"","meta":{"footnotes":""},"class_list":["post-145","page","type-page","status-publish","hentry"],"yoast_head":"<!-- This site is optimized with the Yoast SEO plugin v25.6 - https:\/\/yoast.com\/wordpress\/plugins\/seo\/ -->\n<title>Hirek - aK\u00f6nyvel\u0151m<\/title>\n<meta name=\"robots\" content=\"index, follow, max-snippet:-1, max-image-preview:large, max-video-preview:-1\" \/>\n<link rel=\"canonical\" href=\"https:\/\/akonyvelom.hu\/?page_id=145\" \/>\n<meta property=\"og:locale\" content=\"en_US\" \/>\n<meta property=\"og:type\" content=\"article\" \/>\n<meta property=\"og:title\" content=\"Hirek - aK\u00f6nyvel\u0151m\" \/>\n<meta property=\"og:description\" content=\"H\u00cdREK\" \/>\n<meta property=\"og:url\" content=\"https:\/\/akonyvelom.hu\/?page_id=145\" \/>\n<meta property=\"og:site_name\" content=\"aK\u00f6nyvel\u0151m\" \/>\n<meta property=\"article:modified_time\" content=\"2025-09-02T20:12:58+00:00\" \/>\n<meta name=\"twitter:card\" content=\"summary_large_image\" \/>\n<script type=\"application\/ld+json\" class=\"yoast-schema-graph\">{\"@context\":\"https:\/\/schema.org\",\"@graph\":[{\"@type\":[\"WebPage\",\"CollectionPage\"],\"@id\":\"https:\/\/akonyvelom.hu\/?page_id=145\",\"url\":\"https:\/\/akonyvelom.hu\/?page_id=145\",\"name\":\"Hirek - aK\u00f6nyvel\u0151m\",\"isPartOf\":{\"@id\":\"https:\/\/akonyvelom.hu\/#website\"},\"datePublished\":\"2025-08-13T16:01:53+00:00\",\"dateModified\":\"2025-09-02T20:12:58+00:00\",\"breadcrumb\":{\"@id\":\"https:\/\/akonyvelom.hu\/?page_id=145#breadcrumb\"},\"inLanguage\":\"en-US\"},{\"@type\":\"BreadcrumbList\",\"@id\":\"https:\/\/akonyvelom.hu\/?page_id=145#breadcrumb\",\"itemListElement\":[{\"@type\":\"ListItem\",\"position\":1,\"name\":\"Home\",\"item\":\"https:\/\/akonyvelom.hu\/\"},{\"@type\":\"ListItem\",\"position\":2,\"name\":\"Hirek\"}]},{\"@type\":\"WebSite\",\"@id\":\"https:\/\/akonyvelom.hu\/#website\",\"url\":\"https:\/\/akonyvelom.hu\/\",\"name\":\"aK\u00f6nyvel\u0151m\",\"description\":\"K\u00f6nyvel\u00e9s, B\u00e9rsz\u00e1mfejt\u00e9s, Ad\u00f3tan\u00e1csad\u00e1s\",\"publisher\":{\"@id\":\"https:\/\/akonyvelom.hu\/#organization\"},\"potentialAction\":[{\"@type\":\"SearchAction\",\"target\":{\"@type\":\"EntryPoint\",\"urlTemplate\":\"https:\/\/akonyvelom.hu\/?s={search_term_string}\"},\"query-input\":{\"@type\":\"PropertyValueSpecification\",\"valueRequired\":true,\"valueName\":\"search_term_string\"}}],\"inLanguage\":\"en-US\"},{\"@type\":\"Organization\",\"@id\":\"https:\/\/akonyvelom.hu\/#organization\",\"name\":\"aK\u00f6nyvel\u0151m\",\"url\":\"https:\/\/akonyvelom.hu\/\",\"logo\":{\"@type\":\"ImageObject\",\"inLanguage\":\"en-US\",\"@id\":\"https:\/\/akonyvelom.hu\/#\/schema\/logo\/image\/\",\"url\":\"https:\/\/akonyvelom.hu\/wp-content\/uploads\/2025\/08\/akonyvelom_logo-nev_2024_v01.png\",\"contentUrl\":\"https:\/\/akonyvelom.hu\/wp-content\/uploads\/2025\/08\/akonyvelom_logo-nev_2024_v01.png\",\"width\":500,\"height\":149,\"caption\":\"aK\u00f6nyvel\u0151m\"},\"image\":{\"@id\":\"https:\/\/akonyvelom.hu\/#\/schema\/logo\/image\/\"}}]}<\/script>\n<!-- \/ Yoast SEO plugin. -->","yoast_head_json":{"title":"Hirek - aK\u00f6nyvel\u0151m","robots":{"index":"index","follow":"follow","max-snippet":"max-snippet:-1","max-image-preview":"max-image-preview:large","max-video-preview":"max-video-preview:-1"},"canonical":"https:\/\/akonyvelom.hu\/?page_id=145","og_locale":"en_US","og_type":"article","og_title":"Hirek - aK\u00f6nyvel\u0151m","og_description":"H\u00cdREK","og_url":"https:\/\/akonyvelom.hu\/?page_id=145","og_site_name":"aK\u00f6nyvel\u0151m","article_modified_time":"2025-09-02T20:12:58+00:00","twitter_card":"summary_large_image","schema":{"@context":"https:\/\/schema.org","@graph":[{"@type":["WebPage","CollectionPage"],"@id":"https:\/\/akonyvelom.hu\/?page_id=145","url":"https:\/\/akonyvelom.hu\/?page_id=145","name":"Hirek - aK\u00f6nyvel\u0151m","isPartOf":{"@id":"https:\/\/akonyvelom.hu\/#website"},"datePublished":"2025-08-13T16:01:53+00:00","dateModified":"2025-09-02T20:12:58+00:00","breadcrumb":{"@id":"https:\/\/akonyvelom.hu\/?page_id=145#breadcrumb"},"inLanguage":"en-US"},{"@type":"BreadcrumbList","@id":"https:\/\/akonyvelom.hu\/?page_id=145#breadcrumb","itemListElement":[{"@type":"ListItem","position":1,"name":"Home","item":"https:\/\/akonyvelom.hu\/"},{"@type":"ListItem","position":2,"name":"Hirek"}]},{"@type":"WebSite","@id":"https:\/\/akonyvelom.hu\/#website","url":"https:\/\/akonyvelom.hu\/","name":"aK\u00f6nyvel\u0151m","description":"K\u00f6nyvel\u00e9s, B\u00e9rsz\u00e1mfejt\u00e9s, Ad\u00f3tan\u00e1csad\u00e1s","publisher":{"@id":"https:\/\/akonyvelom.hu\/#organization"},"potentialAction":[{"@type":"SearchAction","target":{"@type":"EntryPoint","urlTemplate":"https:\/\/akonyvelom.hu\/?s={search_term_string}"},"query-input":{"@type":"PropertyValueSpecification","valueRequired":true,"valueName":"search_term_string"}}],"inLanguage":"en-US"},{"@type":"Organization","@id":"https:\/\/akonyvelom.hu\/#organization","name":"aK\u00f6nyvel\u0151m","url":"https:\/\/akonyvelom.hu\/","logo":{"@type":"ImageObject","inLanguage":"en-US","@id":"https:\/\/akonyvelom.hu\/#\/schema\/logo\/image\/","url":"https:\/\/akonyvelom.hu\/wp-content\/uploads\/2025\/08\/akonyvelom_logo-nev_2024_v01.png","contentUrl":"https:\/\/akonyvelom.hu\/wp-content\/uploads\/2025\/08\/akonyvelom_logo-nev_2024_v01.png","width":500,"height":149,"caption":"aK\u00f6nyvel\u0151m"},"image":{"@id":"https:\/\/akonyvelom.hu\/#\/schema\/logo\/image\/"}}]}},"_links":{"self":[{"href":"https:\/\/akonyvelom.hu\/index.php?rest_route=\/wp\/v2\/pages\/145","targetHints":{"allow":["GET"]}}],"collection":[{"href":"https:\/\/akonyvelom.hu\/index.php?rest_route=\/wp\/v2\/pages"}],"about":[{"href":"https:\/\/akonyvelom.hu\/index.php?rest_route=\/wp\/v2\/types\/page"}],"author":[{"embeddable":true,"href":"https:\/\/akonyvelom.hu\/index.php?rest_route=\/wp\/v2\/users\/1"}],"replies":[{"embeddable":true,"href":"https:\/\/akonyvelom.hu\/index.php?rest_route=%2Fwp%2Fv2%2Fcomments&post=145"}],"version-history":[{"count":2,"href":"https:\/\/akonyvelom.hu\/index.php?rest_route=\/wp\/v2\/pages\/145\/revisions"}],"predecessor-version":[{"id":147,"href":"https:\/\/akonyvelom.hu\/index.php?rest_route=\/wp\/v2\/pages\/145\/revisions\/147"}],"wp:attachment":[{"href":"https:\/\/akonyvelom.hu\/index.php?rest_route=%2Fwp%2Fv2%2Fmedia&parent=145"}],"curies":[{"name":"wp","href":"https:\/\/api.w.org\/{rel}","templated":true}]}}